{"id":21026,"date":"2021-11-11T16:17:41","date_gmt":"2021-11-11T13:17:41","guid":{"rendered":"https:\/\/imageskincare.lv\/%d0%b2%d0%be%d0%b7%d0%bc%d0%be%d0%b6%d0%bd%d0%be%d1%81%d1%82%d0%b8-%d0%be%d0%bf%d0%bb%d0%b0%d1%82%d1%8b\/"},"modified":"2022-11-22T11:47:30","modified_gmt":"2022-11-22T08:47:30","slug":"payment-options","status":"publish","type":"page","link":"https:\/\/imageskincare.lv\/ru\/payment-options\/","title":{"rendered":"\u0412\u043e\u0437\u043c\u043e\u0436\u043d\u043e\u0441\u0442\u0438 \u043e\u043f\u043b\u0430\u0442\u044b"},"content":{"rendered":"\t\t<div data-elementor-type=\"wp-page\" data-elementor-id=\"21026\" class=\"elementor elementor-21026 elementor-20609\" data-elementor-post-type=\"page\">\n\t\t\t\t<div class=\"elementor-element elementor-element-4324cfb e-flex e-con-boxed e-con e-parent\" data-id=\"4324cfb\" data-element_type=\"container\" data-e-type=\"container\">\n\t\t\t\t\t<div class=\"e-con-inner\">\n\t\t\t\t<div class=\"elementor-element elementor-element-f07113b elementor-widget elementor-widget-heading\" data-id=\"f07113b\" data-element_type=\"widget\" data-e-type=\"widget\" data-widget_type=\"heading.default\">\n\t\t\t\t<div class=\"elementor-widget-container\">\n\t\t\t\t\t<h2 class=\"elementor-heading-title elementor-size-default\">Apmaksa<\/h2>\t\t\t\t<\/div>\n\t\t\t\t<\/div>\n\t\t\t\t\t<\/div>\n\t\t\t\t<\/div>\n\t\t<div class=\"elementor-element elementor-element-4f8ce9a e-flex e-con-boxed e-con e-parent\" data-id=\"4f8ce9a\" data-element_type=\"container\" data-e-type=\"container\">\n\t\t\t\t\t<div class=\"e-con-inner\">\n\t\t<div class=\"elementor-element elementor-element-99353a4 e-con-full e-flex e-con e-parent\" data-id=\"99353a4\" data-element_type=\"container\" data-e-type=\"container\">\n\t\t\t\t<div class=\"elementor-element elementor-element-6b03577 elementor-widget elementor-widget-text-editor\" data-id=\"6b03577\" data-element_type=\"widget\" data-e-type=\"widget\" data-widget_type=\"text-editor.default\">\n\t\t\t\t<div class=\"elementor-widget-container\">\n\t\t\t\t\t\t\t\t\t<p><span data-sheets-value=\"{&quot;1&quot;:2,&quot;2&quot;:&quot;Image Skincare Latvija e-veikal\u0101 ir pieejamas \u0161\u0101das maks\u0101jumu metodes:&quot;}\" data-sheets-userformat=\"{&quot;2&quot;:14915,&quot;3&quot;:{&quot;1&quot;:0},&quot;4&quot;:{&quot;1&quot;:2,&quot;2&quot;:16777215},&quot;9&quot;:0,&quot;12&quot;:0,&quot;14&quot;:{&quot;1&quot;:2,&quot;2&quot;:8026746},&quot;15&quot;:&quot;\\&quot;Noto Serif\\&quot;, sans-serif&quot;,&quot;16&quot;:11}\">Image Skincare Latvija e-veikal\u0101 ir pieejamas \u0161\u0101das maks\u0101jumu metodes:<\/span><\/p>\n\t\t\t\t\t\t\t\t<\/div>\n\t\t\t\t<\/div>\n\t\t\t\t<\/div>\n\t\t\t\t\t<\/div>\n\t\t\t\t<\/div>\n\t\t<div class=\"elementor-element elementor-element-521e434 e-flex e-con-boxed e-con e-parent\" data-id=\"521e434\" data-element_type=\"container\" data-e-type=\"container\">\n\t\t\t\t\t<div class=\"e-con-inner\">\n\t\t<div class=\"elementor-element elementor-element-37d7d01 e-con-full e-flex e-con e-parent\" data-id=\"37d7d01\" data-element_type=\"container\" data-e-type=\"container\">\n\t\t\t\t<div class=\"elementor-element elementor-element-c780394 elementor-widget elementor-widget-text-editor\" data-id=\"c780394\" data-element_type=\"widget\" data-e-type=\"widget\" data-widget_type=\"text-editor.default\">\n\t\t\t\t<div class=\"elementor-widget-container\">\n\t\t\t\t\t\t\t\t\t<p><strong>Izmantojot bankas saiti<\/strong><\/p>\n<p>Maks\u0101jumus apstr\u0101d\u0101 AS Maksekeskus. Maks\u0101jums tiek veikts \u0101rpus e-veikala &#8211; nor\u0113\u0137inoties ar bankas saiti attiec\u012bg\u0101s bankas dro\u0161\u0101 vid\u0113. Izmantojot \u0161o maks\u0101juma veidu, klienti var nor\u0113\u0137in\u0101ties ar Swedbank, SEB, Citadele un Luminor bankas sait\u0113m. P\u0101rdev\u0113jam nav piek\u013cuves klienta bankas un kred\u012btkartes datiem. L\u012bgums st\u0101jas sp\u0113k\u0101, sa\u0146emot p\u0101rdev\u0113ja nor\u0113\u0137inu kont\u0101 pien\u0101ko\u0161os summu.<\/p>\n\t\t\t\t\t\t\t\t<\/div>\n\t\t\t\t<\/div>\n\t\t\t\t<\/div>\n\t\t\t\t\t<\/div>\n\t\t\t\t<\/div>\n\t\t<div class=\"elementor-element elementor-element-862c46e e-flex e-con-boxed e-con e-parent\" data-id=\"862c46e\" data-element_type=\"container\" data-e-type=\"container\">\n\t\t\t\t\t<div class=\"e-con-inner\">\n\t\t\t\t<div class=\"elementor-element elementor-element-8181846 elementor-widget elementor-widget-image\" data-id=\"8181846\" data-element_type=\"widget\" data-e-type=\"widget\" data-widget_type=\"image.default\">\n\t\t\t\t<div class=\"elementor-widget-container\">\n\t\t\t\t\t\t\t\t\t\t\t\t\t\t\t<img decoding=\"async\" width=\"176\" height=\"62\" src=\"https:\/\/imageskincare.lv\/wp-content\/uploads\/2021\/11\/seb.png\" class=\"attachment-large size-large wp-image-20665\" alt=\"\" srcset=\"https:\/\/imageskincare.lv\/wp-content\/uploads\/2021\/11\/seb.png 176w, https:\/\/imageskincare.lv\/wp-content\/uploads\/2021\/11\/seb-150x53.png 150w\" sizes=\"(max-width: 176px) 100vw, 176px\" \/>\t\t\t\t\t\t\t\t\t\t\t\t\t\t\t<\/div>\n\t\t\t\t<\/div>\n\t\t\t\t<div class=\"elementor-element elementor-element-9143fd8 elementor-widget elementor-widget-image\" data-id=\"9143fd8\" data-element_type=\"widget\" data-e-type=\"widget\" data-widget_type=\"image.default\">\n\t\t\t\t<div class=\"elementor-widget-container\">\n\t\t\t\t\t\t\t\t\t\t\t\t\t\t\t<img decoding=\"async\" width=\"176\" height=\"62\" src=\"https:\/\/imageskincare.lv\/wp-content\/uploads\/2021\/11\/swedbank.png\" class=\"attachment-large size-large wp-image-20668\" alt=\"\" srcset=\"https:\/\/imageskincare.lv\/wp-content\/uploads\/2021\/11\/swedbank.png 176w, https:\/\/imageskincare.lv\/wp-content\/uploads\/2021\/11\/swedbank-150x53.png 150w\" sizes=\"(max-width: 176px) 100vw, 176px\" \/>\t\t\t\t\t\t\t\t\t\t\t\t\t\t\t<\/div>\n\t\t\t\t<\/div>\n\t\t\t\t<div class=\"elementor-element elementor-element-87fbbd2 elementor-widget elementor-widget-image\" data-id=\"87fbbd2\" data-element_type=\"widget\" data-e-type=\"widget\" data-widget_type=\"image.default\">\n\t\t\t\t<div class=\"elementor-widget-container\">\n\t\t\t\t\t\t\t\t\t\t\t\t\t\t\t<img decoding=\"async\" width=\"176\" height=\"62\" src=\"https:\/\/imageskincare.lv\/wp-content\/uploads\/2021\/11\/luminor.png\" class=\"attachment-large size-large wp-image-20652\" alt=\"\" srcset=\"https:\/\/imageskincare.lv\/wp-content\/uploads\/2021\/11\/luminor.png 176w, https:\/\/imageskincare.lv\/wp-content\/uploads\/2021\/11\/luminor-150x53.png 150w\" sizes=\"(max-width: 176px) 100vw, 176px\" \/>\t\t\t\t\t\t\t\t\t\t\t\t\t\t\t<\/div>\n\t\t\t\t<\/div>\n\t\t\t\t<div class=\"elementor-element elementor-element-6ee3d42 elementor-widget elementor-widget-image\" data-id=\"6ee3d42\" data-element_type=\"widget\" data-e-type=\"widget\" data-widget_type=\"image.default\">\n\t\t\t\t<div class=\"elementor-widget-container\">\n\t\t\t\t\t\t\t\t\t\t\t\t\t\t\t<img loading=\"lazy\" decoding=\"async\" width=\"176\" height=\"62\" src=\"https:\/\/imageskincare.lv\/wp-content\/uploads\/2021\/11\/citadele.png\" class=\"attachment-large size-large wp-image-20656\" alt=\"\" srcset=\"https:\/\/imageskincare.lv\/wp-content\/uploads\/2021\/11\/citadele.png 176w, https:\/\/imageskincare.lv\/wp-content\/uploads\/2021\/11\/citadele-150x53.png 150w\" sizes=\"(max-width: 176px) 100vw, 176px\" \/>\t\t\t\t\t\t\t\t\t\t\t\t\t\t\t<\/div>\n\t\t\t\t<\/div>\n\t\t\t\t\t<\/div>\n\t\t\t\t<\/div>\n\t\t<div class=\"elementor-element elementor-element-5ef5940 e-flex e-con-boxed e-con e-parent\" data-id=\"5ef5940\" data-element_type=\"container\" data-e-type=\"container\">\n\t\t\t\t\t<div class=\"e-con-inner\">\n\t\t<div class=\"elementor-element elementor-element-5c70895 e-con-full e-flex e-con e-parent\" data-id=\"5c70895\" data-element_type=\"container\" data-e-type=\"container\">\n\t\t\t\t<div class=\"elementor-element elementor-element-3b54de7 elementor-widget elementor-widget-text-editor\" data-id=\"3b54de7\" data-element_type=\"widget\" data-e-type=\"widget\" data-widget_type=\"text-editor.default\">\n\t\t\t\t<div class=\"elementor-widget-container\">\n\t\t\t\t\t\t\t\t\t<p><strong>Ar kred\u012btkarti<\/strong><\/p>\n<p>Maks\u0101jumus apstr\u0101d\u0101 AS Maksekeskus. Maks\u0101jums tiek veikts \u0101rpus e-veikala &#8211; nor\u0113\u0137inoties ar kred\u012btkarti dro\u0161\u0101 AS Maksekeskus vid\u0113. P\u0101rdev\u0113jam nav piek\u013cuves klienta bankas un kred\u012btkartes datiem. L\u012bgums st\u0101jas sp\u0113k\u0101, sa\u0146emot p\u0101rdev\u0113ja nor\u0113\u0137inu kont\u0101 pien\u0101ko\u0161os summu.<\/p>\n\t\t\t\t\t\t\t\t<\/div>\n\t\t\t\t<\/div>\n\t\t\t\t<\/div>\n\t\t\t\t\t<\/div>\n\t\t\t\t<\/div>\n\t\t<div class=\"elementor-element elementor-element-7a77a63 e-flex e-con-boxed e-con e-parent\" data-id=\"7a77a63\" data-element_type=\"container\" data-e-type=\"container\">\n\t\t\t\t\t<div class=\"e-con-inner\">\n\t\t\t\t<div class=\"elementor-element elementor-element-ed81b4d elementor-widget elementor-widget-image\" data-id=\"ed81b4d\" data-element_type=\"widget\" data-e-type=\"widget\" data-widget_type=\"image.default\">\n\t\t\t\t<div class=\"elementor-widget-container\">\n\t\t\t\t\t\t\t\t\t\t\t\t\t\t\t<img loading=\"lazy\" decoding=\"async\" width=\"176\" height=\"62\" src=\"https:\/\/imageskincare.lv\/wp-content\/uploads\/2021\/11\/visa.png\" class=\"attachment-large size-large wp-image-20677\" alt=\"\" srcset=\"https:\/\/imageskincare.lv\/wp-content\/uploads\/2021\/11\/visa.png 176w, https:\/\/imageskincare.lv\/wp-content\/uploads\/2021\/11\/visa-150x53.png 150w\" sizes=\"(max-width: 176px) 100vw, 176px\" \/>\t\t\t\t\t\t\t\t\t\t\t\t\t\t\t<\/div>\n\t\t\t\t<\/div>\n\t\t\t\t<div class=\"elementor-element elementor-element-cf2f684 elementor-widget elementor-widget-image\" data-id=\"cf2f684\" data-element_type=\"widget\" data-e-type=\"widget\" data-widget_type=\"image.default\">\n\t\t\t\t<div class=\"elementor-widget-container\">\n\t\t\t\t\t\t\t\t\t\t\t\t\t\t\t<img loading=\"lazy\" decoding=\"async\" width=\"176\" height=\"62\" src=\"https:\/\/imageskincare.lv\/wp-content\/uploads\/2021\/11\/mastercard-1.png\" class=\"attachment-large size-large wp-image-20680\" alt=\"\" srcset=\"https:\/\/imageskincare.lv\/wp-content\/uploads\/2021\/11\/mastercard-1.png 176w, https:\/\/imageskincare.lv\/wp-content\/uploads\/2021\/11\/mastercard-1-150x53.png 150w\" sizes=\"(max-width: 176px) 100vw, 176px\" \/>\t\t\t\t\t\t\t\t\t\t\t\t\t\t\t<\/div>\n\t\t\t\t<\/div>\n\t\t\t\t\t<\/div>\n\t\t\t\t<\/div>\n\t\t<div class=\"elementor-element elementor-element-3c6bc08 e-flex e-con-boxed e-con e-parent\" data-id=\"3c6bc08\" data-element_type=\"container\" data-e-type=\"container\">\n\t\t\t\t\t<div class=\"e-con-inner\">\n\t\t<div class=\"elementor-element elementor-element-ea9d7cb e-con-full e-flex e-con e-parent\" data-id=\"ea9d7cb\" data-element_type=\"container\" data-e-type=\"container\">\n\t\t\t\t<div class=\"elementor-element elementor-element-2b4e5ff elementor-widget elementor-widget-text-editor\" data-id=\"2b4e5ff\" data-element_type=\"widget\" data-e-type=\"widget\" data-widget_type=\"text-editor.default\">\n\t\t\t\t<div class=\"elementor-widget-container\">\n\t\t\t\t\t\t\t\t\t<p><strong>Maks\u0101 v\u0113l\u0101k<\/strong><\/p>\n<p>Bigbank AS &#8211; \u013cauj Latvijas klientiem br\u012bvi maks\u0101t procentus un apkalpo\u0161anas maksu 6 m\u0113ne\u0161u laik\u0101 vien\u0101d\u0101s da\u013c\u0101s par pirkumiem no 75 l\u012bdz 1399,99 eiro apm\u0113r\u0101. Izv\u0113loties \u0161o apmaksas metodi pric\u0113js tiek novirz\u012bts uz Bigbank vidi, kur ievadot savu inform\u0101ciju sa\u0146em l\u0113mumu nekav\u0113joties. Parakstot l\u012bgumu ar Smart-ID un p\u0113c veiksm\u012bgas dar\u012bjuma noform\u0113\u0161anas pirc\u0113js tiek novirz\u012bts atpaka\u013c uz interneta veikala pas\u016bt\u012bjuma apstiprin\u0101juma lapu.<\/p>\n\t\t\t\t\t\t\t\t<\/div>\n\t\t\t\t<\/div>\n\t\t\t\t<\/div>\n\t\t\t\t\t<\/div>\n\t\t\t\t<\/div>\n\t\t<div class=\"elementor-element elementor-element-f894ba7 e-flex e-con-boxed e-con e-parent\" data-id=\"f894ba7\" data-element_type=\"container\" data-e-type=\"container\">\n\t\t\t\t\t<div class=\"e-con-inner\">\n\t\t\t\t<div class=\"elementor-element elementor-element-e74b977 elementor-widget elementor-widget-image\" data-id=\"e74b977\" data-element_type=\"widget\" data-e-type=\"widget\" data-widget_type=\"image.default\">\n\t\t\t\t<div class=\"elementor-widget-container\">\n\t\t\t\t\t\t\t\t\t\t\t\t\t\t\t<img loading=\"lazy\" decoding=\"async\" width=\"300\" height=\"114\" src=\"https:\/\/imageskincare.lv\/wp-content\/uploads\/2021\/11\/bigbank-300x114.png\" class=\"attachment-medium size-medium wp-image-20684\" alt=\"\" srcset=\"https:\/\/imageskincare.lv\/wp-content\/uploads\/2021\/11\/bigbank-300x114.png 300w, https:\/\/imageskincare.lv\/wp-content\/uploads\/2021\/11\/bigbank-600x227.png 600w, https:\/\/imageskincare.lv\/wp-content\/uploads\/2021\/11\/bigbank-1024x388.png 1024w, https:\/\/imageskincare.lv\/wp-content\/uploads\/2021\/11\/bigbank-768x291.png 768w, https:\/\/imageskincare.lv\/wp-content\/uploads\/2021\/11\/bigbank-990x375.png 990w, https:\/\/imageskincare.lv\/wp-content\/uploads\/2021\/11\/bigbank-441x167.png 441w, https:\/\/imageskincare.lv\/wp-content\/uploads\/2021\/11\/bigbank-150x57.png 150w, https:\/\/imageskincare.lv\/wp-content\/uploads\/2021\/11\/bigbank.png 1416w\" sizes=\"(max-width: 300px) 100vw, 300px\" \/>\t\t\t\t\t\t\t\t\t\t\t\t\t\t\t<\/div>\n\t\t\t\t<\/div>\n\t\t\t\t\t<\/div>\n\t\t\t\t<\/div>\n\t\t\t\t<\/div>\n\t\t","protected":false},"excerpt":{"rendered":"<p>Apmaksa Image Skincare Latvija e-veikal\u0101 ir pieejamas \u0161\u0101das maks\u0101jumu metodes: Izmantojot bankas saiti Maks\u0101jumus apstr\u0101d\u0101 AS Maksekeskus. Maks\u0101jums tiek veikts \u0101rpus e-veikala &#8211; nor\u0113\u0137inoties ar bankas saiti attiec\u012bg\u0101s bankas dro\u0161\u0101 vid\u0113. Izmantojot \u0161o maks\u0101juma veidu, klienti var nor\u0113\u0137in\u0101ties ar Swedbank, SEB, Citadele un Luminor bankas sait\u0113m. P\u0101rdev\u0113jam nav piek\u013cuves klienta bankas un kred\u012btkartes datiem. L\u012bgums [&hellip;]<\/p>\n","protected":false},"author":2,"featured_media":0,"parent":0,"menu_order":0,"comment_status":"closed","ping_status":"closed","template":"elementor_header_footer","meta":{"_acf_changed":false,"footnotes":""},"class_list":["post-21026","page","type-page","status-publish","hentry"],"blocksy_meta":{"styles_descriptor":{"styles":{"desktop":"","tablet":"","mobile":""},"google_fonts":[],"version":6}},"acf":[],"yoast_head":"<!-- This site is optimized with the Yoast SEO plugin v27.5 - https:\/\/yoast.com\/product\/yoast-seo-wordpress\/ -->\n<title>\u0412\u043e\u0437\u043c\u043e\u0436\u043d\u043e\u0441\u0442\u0438 \u043e\u043f\u043b\u0430\u0442\u044b - Image Skincare Latvija<\/title>\n<meta name=\"robots\" content=\"index, follow, max-snippet:-1, max-image-preview:large, max-video-preview:-1\" \/>\n<link rel=\"canonical\" href=\"https:\/\/imageskincare.lv\/apmaksa\/\" \/>\n<meta property=\"og:locale\" content=\"ru_RU\" \/>\n<meta property=\"og:type\" content=\"article\" \/>\n<meta property=\"og:title\" content=\"\u0412\u043e\u0437\u043c\u043e\u0436\u043d\u043e\u0441\u0442\u0438 \u043e\u043f\u043b\u0430\u0442\u044b - Image Skincare Latvija\" \/>\n<meta property=\"og:description\" content=\"Apmaksa Image Skincare Latvija e-veikal\u0101 ir pieejamas \u0161\u0101das maks\u0101jumu metodes: Izmantojot bankas saiti Maks\u0101jumus apstr\u0101d\u0101 AS Maksekeskus. Maks\u0101jums tiek veikts \u0101rpus e-veikala &#8211; nor\u0113\u0137inoties ar bankas saiti attiec\u012bg\u0101s bankas dro\u0161\u0101 vid\u0113. Izmantojot \u0161o maks\u0101juma veidu, klienti var nor\u0113\u0137in\u0101ties ar Swedbank, SEB, Citadele un Luminor bankas sait\u0113m. P\u0101rdev\u0113jam nav piek\u013cuves klienta bankas un kred\u012btkartes datiem. L\u012bgums [&hellip;]\" \/>\n<meta property=\"og:url\" content=\"https:\/\/imageskincare.lv\/apmaksa\/\" \/>\n<meta property=\"og:site_name\" content=\"Image Skincare Latvija\" \/>\n<meta property=\"article:modified_time\" content=\"2022-11-22T08:47:30+00:00\" \/>\n<meta property=\"og:image\" content=\"https:\/\/imageskincare.lv\/wp-content\/uploads\/2021\/11\/seb.png\" \/>\n<meta name=\"twitter:card\" content=\"summary_large_image\" \/>\n<meta name=\"twitter:label1\" content=\"\u041f\u0440\u0438\u043c\u0435\u0440\u043d\u043e\u0435 \u0432\u0440\u0435\u043c\u044f \u0434\u043b\u044f \u0447\u0442\u0435\u043d\u0438\u044f\" \/>\n\t<meta name=\"twitter:data1\" content=\"1 \u043c\u0438\u043d\u0443\u0442\u0430\" \/>\n<script type=\"application\/ld+json\" class=\"yoast-schema-graph\">{\"@context\":\"https:\\\/\\\/schema.org\",\"@graph\":[{\"@type\":\"WebPage\",\"@id\":\"https:\\\/\\\/imageskincare.lv\\\/apmaksa\\\/\",\"url\":\"https:\\\/\\\/imageskincare.lv\\\/apmaksa\\\/\",\"name\":\"\u0412\u043e\u0437\u043c\u043e\u0436\u043d\u043e\u0441\u0442\u0438 \u043e\u043f\u043b\u0430\u0442\u044b - Image Skincare Latvija\",\"isPartOf\":{\"@id\":\"https:\\\/\\\/imageskincare.lv\\\/ru\\\/#website\"},\"primaryImageOfPage\":{\"@id\":\"https:\\\/\\\/imageskincare.lv\\\/apmaksa\\\/#primaryimage\"},\"image\":{\"@id\":\"https:\\\/\\\/imageskincare.lv\\\/apmaksa\\\/#primaryimage\"},\"thumbnailUrl\":\"https:\\\/\\\/imageskincare.lv\\\/wp-content\\\/uploads\\\/2021\\\/11\\\/seb.png\",\"datePublished\":\"2021-11-11T13:17:41+00:00\",\"dateModified\":\"2022-11-22T08:47:30+00:00\",\"breadcrumb\":{\"@id\":\"https:\\\/\\\/imageskincare.lv\\\/apmaksa\\\/#breadcrumb\"},\"inLanguage\":\"ru-RU\",\"potentialAction\":[{\"@type\":\"ReadAction\",\"target\":[\"https:\\\/\\\/imageskincare.lv\\\/apmaksa\\\/\"]}]},{\"@type\":\"ImageObject\",\"inLanguage\":\"ru-RU\",\"@id\":\"https:\\\/\\\/imageskincare.lv\\\/apmaksa\\\/#primaryimage\",\"url\":\"https:\\\/\\\/imageskincare.lv\\\/wp-content\\\/uploads\\\/2021\\\/11\\\/seb.png\",\"contentUrl\":\"https:\\\/\\\/imageskincare.lv\\\/wp-content\\\/uploads\\\/2021\\\/11\\\/seb.png\"},{\"@type\":\"BreadcrumbList\",\"@id\":\"https:\\\/\\\/imageskincare.lv\\\/apmaksa\\\/#breadcrumb\",\"itemListElement\":[{\"@type\":\"ListItem\",\"position\":1,\"name\":\"Home\",\"item\":\"https:\\\/\\\/imageskincare.lv\\\/\"},{\"@type\":\"ListItem\",\"position\":2,\"name\":\"\u0412\u043e\u0437\u043c\u043e\u0436\u043d\u043e\u0441\u0442\u0438 \u043e\u043f\u043b\u0430\u0442\u044b\"}]},{\"@type\":\"WebSite\",\"@id\":\"https:\\\/\\\/imageskincare.lv\\\/ru\\\/#website\",\"url\":\"https:\\\/\\\/imageskincare.lv\\\/ru\\\/\",\"name\":\"Image Skincare Latvija\",\"description\":\"Just another WordPress site\",\"publisher\":{\"@id\":\"https:\\\/\\\/imageskincare.lv\\\/ru\\\/#organization\"},\"potentialAction\":[{\"@type\":\"SearchAction\",\"target\":{\"@type\":\"EntryPoint\",\"urlTemplate\":\"https:\\\/\\\/imageskincare.lv\\\/ru\\\/?s={search_term_string}\"},\"query-input\":{\"@type\":\"PropertyValueSpecification\",\"valueRequired\":true,\"valueName\":\"search_term_string\"}}],\"inLanguage\":\"ru-RU\"},{\"@type\":\"Organization\",\"@id\":\"https:\\\/\\\/imageskincare.lv\\\/ru\\\/#organization\",\"name\":\"Image Skincare Latvija\",\"url\":\"https:\\\/\\\/imageskincare.lv\\\/ru\\\/\",\"logo\":{\"@type\":\"ImageObject\",\"inLanguage\":\"ru-RU\",\"@id\":\"https:\\\/\\\/imageskincare.lv\\\/ru\\\/#\\\/schema\\\/logo\\\/image\\\/\",\"url\":\"https:\\\/\\\/imageskincare.lv\\\/wp-content\\\/uploads\\\/2025\\\/09\\\/IMAGESkincare_Horizontal_Logo_85black.png\",\"contentUrl\":\"https:\\\/\\\/imageskincare.lv\\\/wp-content\\\/uploads\\\/2025\\\/09\\\/IMAGESkincare_Horizontal_Logo_85black.png\",\"width\":2980,\"height\":693,\"caption\":\"Image Skincare Latvija\"},\"image\":{\"@id\":\"https:\\\/\\\/imageskincare.lv\\\/ru\\\/#\\\/schema\\\/logo\\\/image\\\/\"}}]}<\/script>\n<!-- \/ Yoast SEO plugin. -->","yoast_head_json":{"title":"\u0412\u043e\u0437\u043c\u043e\u0436\u043d\u043e\u0441\u0442\u0438 \u043e\u043f\u043b\u0430\u0442\u044b - Image Skincare Latvija","robots":{"index":"index","follow":"follow","max-snippet":"max-snippet:-1","max-image-preview":"max-image-preview:large","max-video-preview":"max-video-preview:-1"},"canonical":"https:\/\/imageskincare.lv\/apmaksa\/","og_locale":"ru_RU","og_type":"article","og_title":"\u0412\u043e\u0437\u043c\u043e\u0436\u043d\u043e\u0441\u0442\u0438 \u043e\u043f\u043b\u0430\u0442\u044b - Image Skincare Latvija","og_description":"Apmaksa Image Skincare Latvija e-veikal\u0101 ir pieejamas \u0161\u0101das maks\u0101jumu metodes: Izmantojot bankas saiti Maks\u0101jumus apstr\u0101d\u0101 AS Maksekeskus. Maks\u0101jums tiek veikts \u0101rpus e-veikala &#8211; nor\u0113\u0137inoties ar bankas saiti attiec\u012bg\u0101s bankas dro\u0161\u0101 vid\u0113. Izmantojot \u0161o maks\u0101juma veidu, klienti var nor\u0113\u0137in\u0101ties ar Swedbank, SEB, Citadele un Luminor bankas sait\u0113m. P\u0101rdev\u0113jam nav piek\u013cuves klienta bankas un kred\u012btkartes datiem. L\u012bgums [&hellip;]","og_url":"https:\/\/imageskincare.lv\/apmaksa\/","og_site_name":"Image Skincare Latvija","article_modified_time":"2022-11-22T08:47:30+00:00","og_image":[{"url":"https:\/\/imageskincare.lv\/wp-content\/uploads\/2021\/11\/seb.png","type":"","width":"","height":""}],"twitter_card":"summary_large_image","twitter_misc":{"\u041f\u0440\u0438\u043c\u0435\u0440\u043d\u043e\u0435 \u0432\u0440\u0435\u043c\u044f \u0434\u043b\u044f \u0447\u0442\u0435\u043d\u0438\u044f":"1 \u043c\u0438\u043d\u0443\u0442\u0430"},"schema":{"@context":"https:\/\/schema.org","@graph":[{"@type":"WebPage","@id":"https:\/\/imageskincare.lv\/apmaksa\/","url":"https:\/\/imageskincare.lv\/apmaksa\/","name":"\u0412\u043e\u0437\u043c\u043e\u0436\u043d\u043e\u0441\u0442\u0438 \u043e\u043f\u043b\u0430\u0442\u044b - Image Skincare Latvija","isPartOf":{"@id":"https:\/\/imageskincare.lv\/ru\/#website"},"primaryImageOfPage":{"@id":"https:\/\/imageskincare.lv\/apmaksa\/#primaryimage"},"image":{"@id":"https:\/\/imageskincare.lv\/apmaksa\/#primaryimage"},"thumbnailUrl":"https:\/\/imageskincare.lv\/wp-content\/uploads\/2021\/11\/seb.png","datePublished":"2021-11-11T13:17:41+00:00","dateModified":"2022-11-22T08:47:30+00:00","breadcrumb":{"@id":"https:\/\/imageskincare.lv\/apmaksa\/#breadcrumb"},"inLanguage":"ru-RU","potentialAction":[{"@type":"ReadAction","target":["https:\/\/imageskincare.lv\/apmaksa\/"]}]},{"@type":"ImageObject","inLanguage":"ru-RU","@id":"https:\/\/imageskincare.lv\/apmaksa\/#primaryimage","url":"https:\/\/imageskincare.lv\/wp-content\/uploads\/2021\/11\/seb.png","contentUrl":"https:\/\/imageskincare.lv\/wp-content\/uploads\/2021\/11\/seb.png"},{"@type":"BreadcrumbList","@id":"https:\/\/imageskincare.lv\/apmaksa\/#breadcrumb","itemListElement":[{"@type":"ListItem","position":1,"name":"Home","item":"https:\/\/imageskincare.lv\/"},{"@type":"ListItem","position":2,"name":"\u0412\u043e\u0437\u043c\u043e\u0436\u043d\u043e\u0441\u0442\u0438 \u043e\u043f\u043b\u0430\u0442\u044b"}]},{"@type":"WebSite","@id":"https:\/\/imageskincare.lv\/ru\/#website","url":"https:\/\/imageskincare.lv\/ru\/","name":"Image Skincare Latvija","description":"Just another WordPress site","publisher":{"@id":"https:\/\/imageskincare.lv\/ru\/#organization"},"potentialAction":[{"@type":"SearchAction","target":{"@type":"EntryPoint","urlTemplate":"https:\/\/imageskincare.lv\/ru\/?s={search_term_string}"},"query-input":{"@type":"PropertyValueSpecification","valueRequired":true,"valueName":"search_term_string"}}],"inLanguage":"ru-RU"},{"@type":"Organization","@id":"https:\/\/imageskincare.lv\/ru\/#organization","name":"Image Skincare Latvija","url":"https:\/\/imageskincare.lv\/ru\/","logo":{"@type":"ImageObject","inLanguage":"ru-RU","@id":"https:\/\/imageskincare.lv\/ru\/#\/schema\/logo\/image\/","url":"https:\/\/imageskincare.lv\/wp-content\/uploads\/2025\/09\/IMAGESkincare_Horizontal_Logo_85black.png","contentUrl":"https:\/\/imageskincare.lv\/wp-content\/uploads\/2025\/09\/IMAGESkincare_Horizontal_Logo_85black.png","width":2980,"height":693,"caption":"Image Skincare Latvija"},"image":{"@id":"https:\/\/imageskincare.lv\/ru\/#\/schema\/logo\/image\/"}}]}},"_links":{"self":[{"href":"https:\/\/imageskincare.lv\/ru\/wp-json\/wp\/v2\/pages\/21026","targetHints":{"allow":["GET"]}}],"collection":[{"href":"https:\/\/imageskincare.lv\/ru\/wp-json\/wp\/v2\/pages"}],"about":[{"href":"https:\/\/imageskincare.lv\/ru\/wp-json\/wp\/v2\/types\/page"}],"author":[{"embeddable":true,"href":"https:\/\/imageskincare.lv\/ru\/wp-json\/wp\/v2\/users\/2"}],"replies":[{"embeddable":true,"href":"https:\/\/imageskincare.lv\/ru\/wp-json\/wp\/v2\/comments?post=21026"}],"version-history":[{"count":4,"href":"https:\/\/imageskincare.lv\/ru\/wp-json\/wp\/v2\/pages\/21026\/revisions"}],"predecessor-version":[{"id":23724,"href":"https:\/\/imageskincare.lv\/ru\/wp-json\/wp\/v2\/pages\/21026\/revisions\/23724"}],"wp:attachment":[{"href":"https:\/\/imageskincare.lv\/ru\/wp-json\/wp\/v2\/media?parent=21026"}],"curies":[{"name":"wp","href":"https:\/\/api.w.org\/{rel}","templated":true}]}}