{"id":26816,"date":"2025-05-31T20:37:39","date_gmt":"2025-05-31T17:37:39","guid":{"rendered":"https:\/\/imageskincare.lv\/?post_type=product&#038;p=26816"},"modified":"2026-03-09T17:50:36","modified_gmt":"2026-03-09T15:50:36","slug":"travel-protect-and-refresh-mist-spf-30","status":"publish","type":"product","link":"https:\/\/imageskincare.lv\/ru\/shop\/spf-cremes\/travel-protect-and-refresh-mist-spf-30\/","title":{"rendered":"Travel \u0423\u0432\u043b\u0430\u0436\u043d\u044f\u044e\u0449\u0438\u0439 \u0441\u043e\u043b\u043d\u0446\u0435\u0437\u0430\u0449\u0438\u0442\u043d\u044b\u0439 \u0441\u043f\u0440\u0435\u0439 DAILY PREVENTION \u0441 SPF 30"},"content":{"rendered":"","protected":false},"excerpt":{"rendered":"<p>\u0423\u0432\u043b\u0430\u0436\u043d\u044f\u044e\u0449\u0438\u0439 \u0441\u043f\u0440\u0435\u0439, \u043e\u0431\u0435\u0441\u043f\u0435\u0447\u0438\u0432\u0430\u044e\u0449\u0438\u0439 \u043c\u043e\u0449\u043d\u0443\u044e \u0437\u0430\u0449\u0438\u0442\u0443 \u043e\u0442 \u0441\u043e\u043b\u043d\u0446\u0430 \u0438 \u043e\u0431\u0438\u043b\u044c\u043d\u043e\u0435 \u0443\u0432\u043b\u0430\u0436\u043d\u0435\u043d\u0438\u0435. \u0423\u043d\u0438\u043a\u0430\u043b\u044c\u043d\u044b\u0439 \u0441\u043e\u0441\u0442\u0430\u0432 \u0441\u0443\u0445\u043e\u0433\u043e \u043c\u0430\u0441\u043b\u0430 \u043e\u0431\u0435\u0441\u043f\u0435\u0447\u0438\u0432\u0430\u0435\u0442 \u0431\u044b\u0441\u0442\u0440\u043e\u0435 \u0432\u043f\u0438\u0442\u044b\u0432\u0430\u043d\u0438\u0435 \u0438 \u043b\u0435\u0433\u043a\u043e\u0435 \u043e\u0431\u043d\u043e\u0432\u043b\u0435\u043d\u0438\u0435 \u0437\u0430\u0449\u0438\u0442\u044b \u043e\u0442 \u0441\u043e\u043b\u043d\u0446\u0430 \u2013 \u043f\u0440\u043e\u0441\u0442\u043e \u0440\u0430\u0441\u043f\u044b\u043b\u0438\u0442\u0435 \u043d\u043e\u0432\u044b\u0439 \u0441\u043b\u043e\u0439 \u043d\u0430 \u043a\u043e\u0436\u0443 \u0438\u043b\u0438 \u043c\u0430\u043a\u0438\u044f\u0436. \u0421\u043f\u0440\u0435\u0439 \u0441\u043e\u0445\u0440\u0430\u043d\u044f\u0435\u0442 \u0432\u043e\u0434\u043e\u0441\u0442\u043e\u0439\u043a\u043e\u0441\u0442\u044c \u0434\u043e 80 \u043c\u0438\u043d\u0443\u0442.<\/p>\n","protected":false},"featured_media":26842,"comment_status":"open","ping_status":"closed","template":"","meta":{"_acf_changed":false},"product_brand":[],"product_cat":[371,383,402,374,380,191],"product_tag":[],"class_list":{"0":"post-26816","1":"product","2":"type-product","3":"status-publish","4":"has-post-thumbnail","6":"product_cat-daily-prevention-ru","7":"product_cat-discovery","8":"product_cat--100-e","9":"product_cat-new-products","10":"product_cat---2025-","11":"product_cat-spf-cremes","13":"first","14":"instock","15":"taxable","16":"shipping-taxable","17":"purchasable","18":"product-type-simple"},"acf":[],"yoast_head":"<!-- This site is optimized with the Yoast SEO plugin v27.3 - https:\/\/yoast.com\/product\/yoast-seo-wordpress\/ -->\n<title>Travel \u0423\u0432\u043b\u0430\u0436\u043d\u044f\u044e\u0449\u0438\u0439 \u0441\u043e\u043b\u043d\u0446\u0435\u0437\u0430\u0449\u0438\u0442\u043d\u044b\u0439 \u0441\u043f\u0440\u0435\u0439 DAILY PREVENTION \u0441 SPF 30 - Image Skincare Latvija<\/title>\n<meta name=\"description\" content=\"Izsmidzin\u0101ms l\u012bdzeklis ar mitrino\u0161u iedarb\u012bbu, kas \u0101dai nodro\u0161ina sp\u0113c\u012bgu aizsardz\u012bbu pret sauli un bag\u0101t\u012bgu mitrin\u0101\u0161anu.\" \/>\n<meta name=\"robots\" content=\"index, follow, max-snippet:-1, max-image-preview:large, max-video-preview:-1\" \/>\n<link rel=\"canonical\" href=\"https:\/\/imageskincare.lv\/shop\/saules-aizsardzibas-produkti\/travel-daily-prevention-mitrinoss-saulosanas-aerosols-spf-30\/\" \/>\n<meta property=\"og:locale\" content=\"ru_RU\" \/>\n<meta property=\"og:type\" content=\"article\" \/>\n<meta property=\"og:title\" content=\"Travel \u0423\u0432\u043b\u0430\u0436\u043d\u044f\u044e\u0449\u0438\u0439 \u0441\u043e\u043b\u043d\u0446\u0435\u0437\u0430\u0449\u0438\u0442\u043d\u044b\u0439 \u0441\u043f\u0440\u0435\u0439 DAILY PREVENTION \u0441 SPF 30 - Image Skincare Latvija\" \/>\n<meta property=\"og:description\" content=\"Izsmidzin\u0101ms l\u012bdzeklis ar mitrino\u0161u iedarb\u012bbu, kas \u0101dai nodro\u0161ina sp\u0113c\u012bgu aizsardz\u012bbu pret sauli un bag\u0101t\u012bgu mitrin\u0101\u0161anu.\" \/>\n<meta property=\"og:url\" content=\"https:\/\/imageskincare.lv\/shop\/saules-aizsardzibas-produkti\/travel-daily-prevention-mitrinoss-saulosanas-aerosols-spf-30\/\" \/>\n<meta property=\"og:site_name\" content=\"Image Skincare Latvija\" \/>\n<meta property=\"article:modified_time\" content=\"2026-03-09T15:50:36+00:00\" \/>\n<meta property=\"og:image\" content=\"https:\/\/imageskincare.lv\/wp-content\/uploads\/2025\/05\/DP_protect_refresh_mist_SPF_30.jpg\" \/>\n\t<meta property=\"og:image:width\" content=\"1000\" \/>\n\t<meta property=\"og:image:height\" content=\"1000\" \/>\n\t<meta property=\"og:image:type\" content=\"image\/jpeg\" \/>\n<meta name=\"twitter:card\" content=\"summary_large_image\" \/>\n<script type=\"application\/ld+json\" class=\"yoast-schema-graph\">{\"@context\":\"https:\\\/\\\/schema.org\",\"@graph\":[{\"@type\":\"WebPage\",\"@id\":\"https:\\\/\\\/imageskincare.lv\\\/shop\\\/saules-aizsardzibas-produkti\\\/travel-daily-prevention-mitrinoss-saulosanas-aerosols-spf-30\\\/\",\"url\":\"https:\\\/\\\/imageskincare.lv\\\/shop\\\/saules-aizsardzibas-produkti\\\/travel-daily-prevention-mitrinoss-saulosanas-aerosols-spf-30\\\/\",\"name\":\"Travel \u0423\u0432\u043b\u0430\u0436\u043d\u044f\u044e\u0449\u0438\u0439 \u0441\u043e\u043b\u043d\u0446\u0435\u0437\u0430\u0449\u0438\u0442\u043d\u044b\u0439 \u0441\u043f\u0440\u0435\u0439 DAILY PREVENTION \u0441 SPF 30 - Image Skincare Latvija\",\"isPartOf\":{\"@id\":\"https:\\\/\\\/imageskincare.lv\\\/ru\\\/#website\"},\"primaryImageOfPage\":{\"@id\":\"https:\\\/\\\/imageskincare.lv\\\/shop\\\/saules-aizsardzibas-produkti\\\/travel-daily-prevention-mitrinoss-saulosanas-aerosols-spf-30\\\/#primaryimage\"},\"image\":{\"@id\":\"https:\\\/\\\/imageskincare.lv\\\/shop\\\/saules-aizsardzibas-produkti\\\/travel-daily-prevention-mitrinoss-saulosanas-aerosols-spf-30\\\/#primaryimage\"},\"thumbnailUrl\":\"https:\\\/\\\/imageskincare.lv\\\/wp-content\\\/uploads\\\/2025\\\/05\\\/DP_protect_refresh_mist_SPF_30.jpg\",\"datePublished\":\"2025-05-31T17:37:39+00:00\",\"dateModified\":\"2026-03-09T15:50:36+00:00\",\"description\":\"Izsmidzin\u0101ms l\u012bdzeklis ar mitrino\u0161u iedarb\u012bbu, kas \u0101dai nodro\u0161ina sp\u0113c\u012bgu aizsardz\u012bbu pret sauli un bag\u0101t\u012bgu mitrin\u0101\u0161anu.\",\"breadcrumb\":{\"@id\":\"https:\\\/\\\/imageskincare.lv\\\/shop\\\/saules-aizsardzibas-produkti\\\/travel-daily-prevention-mitrinoss-saulosanas-aerosols-spf-30\\\/#breadcrumb\"},\"inLanguage\":\"ru-RU\",\"potentialAction\":[{\"@type\":\"ReadAction\",\"target\":[\"https:\\\/\\\/imageskincare.lv\\\/shop\\\/saules-aizsardzibas-produkti\\\/travel-daily-prevention-mitrinoss-saulosanas-aerosols-spf-30\\\/\"]}]},{\"@type\":\"ImageObject\",\"inLanguage\":\"ru-RU\",\"@id\":\"https:\\\/\\\/imageskincare.lv\\\/shop\\\/saules-aizsardzibas-produkti\\\/travel-daily-prevention-mitrinoss-saulosanas-aerosols-spf-30\\\/#primaryimage\",\"url\":\"https:\\\/\\\/imageskincare.lv\\\/wp-content\\\/uploads\\\/2025\\\/05\\\/DP_protect_refresh_mist_SPF_30.jpg\",\"contentUrl\":\"https:\\\/\\\/imageskincare.lv\\\/wp-content\\\/uploads\\\/2025\\\/05\\\/DP_protect_refresh_mist_SPF_30.jpg\",\"width\":1000,\"height\":1000},{\"@type\":\"BreadcrumbList\",\"@id\":\"https:\\\/\\\/imageskincare.lv\\\/shop\\\/saules-aizsardzibas-produkti\\\/travel-daily-prevention-mitrinoss-saulosanas-aerosols-spf-30\\\/#breadcrumb\",\"itemListElement\":[{\"@type\":\"ListItem\",\"position\":1,\"name\":\"Home\",\"item\":\"https:\\\/\\\/imageskincare.lv\\\/\"},{\"@type\":\"ListItem\",\"position\":2,\"name\":\"\u041c\u0430\u0433\u0430\u0437\u0438\u043d\",\"item\":\"https:\\\/\\\/imageskincare.lv\\\/ru\\\/shop\\\/\"},{\"@type\":\"ListItem\",\"position\":3,\"name\":\"Travel \u0423\u0432\u043b\u0430\u0436\u043d\u044f\u044e\u0449\u0438\u0439 \u0441\u043e\u043b\u043d\u0446\u0435\u0437\u0430\u0449\u0438\u0442\u043d\u044b\u0439 \u0441\u043f\u0440\u0435\u0439 DAILY PREVENTION \u0441 SPF 30\"}]},{\"@type\":\"WebSite\",\"@id\":\"https:\\\/\\\/imageskincare.lv\\\/ru\\\/#website\",\"url\":\"https:\\\/\\\/imageskincare.lv\\\/ru\\\/\",\"name\":\"Image Skincare Latvija\",\"description\":\"Just another WordPress site\",\"publisher\":{\"@id\":\"https:\\\/\\\/imageskincare.lv\\\/ru\\\/#organization\"},\"potentialAction\":[{\"@type\":\"SearchAction\",\"target\":{\"@type\":\"EntryPoint\",\"urlTemplate\":\"https:\\\/\\\/imageskincare.lv\\\/ru\\\/?s={search_term_string}\"},\"query-input\":{\"@type\":\"PropertyValueSpecification\",\"valueRequired\":true,\"valueName\":\"search_term_string\"}}],\"inLanguage\":\"ru-RU\"},{\"@type\":\"Organization\",\"@id\":\"https:\\\/\\\/imageskincare.lv\\\/ru\\\/#organization\",\"name\":\"Image Skincare Latvija\",\"url\":\"https:\\\/\\\/imageskincare.lv\\\/ru\\\/\",\"logo\":{\"@type\":\"ImageObject\",\"inLanguage\":\"ru-RU\",\"@id\":\"https:\\\/\\\/imageskincare.lv\\\/ru\\\/#\\\/schema\\\/logo\\\/image\\\/\",\"url\":\"https:\\\/\\\/imageskincare.lv\\\/wp-content\\\/uploads\\\/2025\\\/09\\\/IMAGESkincare_Horizontal_Logo_85black.png\",\"contentUrl\":\"https:\\\/\\\/imageskincare.lv\\\/wp-content\\\/uploads\\\/2025\\\/09\\\/IMAGESkincare_Horizontal_Logo_85black.png\",\"width\":2980,\"height\":693,\"caption\":\"Image Skincare Latvija\"},\"image\":{\"@id\":\"https:\\\/\\\/imageskincare.lv\\\/ru\\\/#\\\/schema\\\/logo\\\/image\\\/\"}}]}<\/script>\n<!-- \/ Yoast SEO plugin. -->","yoast_head_json":{"title":"Travel \u0423\u0432\u043b\u0430\u0436\u043d\u044f\u044e\u0449\u0438\u0439 \u0441\u043e\u043b\u043d\u0446\u0435\u0437\u0430\u0449\u0438\u0442\u043d\u044b\u0439 \u0441\u043f\u0440\u0435\u0439 DAILY PREVENTION \u0441 SPF 30 - Image Skincare Latvija","description":"Izsmidzin\u0101ms l\u012bdzeklis ar mitrino\u0161u iedarb\u012bbu, kas \u0101dai nodro\u0161ina sp\u0113c\u012bgu aizsardz\u012bbu pret sauli un bag\u0101t\u012bgu mitrin\u0101\u0161anu.","robots":{"index":"index","follow":"follow","max-snippet":"max-snippet:-1","max-image-preview":"max-image-preview:large","max-video-preview":"max-video-preview:-1"},"canonical":"https:\/\/imageskincare.lv\/shop\/saules-aizsardzibas-produkti\/travel-daily-prevention-mitrinoss-saulosanas-aerosols-spf-30\/","og_locale":"ru_RU","og_type":"article","og_title":"Travel \u0423\u0432\u043b\u0430\u0436\u043d\u044f\u044e\u0449\u0438\u0439 \u0441\u043e\u043b\u043d\u0446\u0435\u0437\u0430\u0449\u0438\u0442\u043d\u044b\u0439 \u0441\u043f\u0440\u0435\u0439 DAILY PREVENTION \u0441 SPF 30 - Image Skincare Latvija","og_description":"Izsmidzin\u0101ms l\u012bdzeklis ar mitrino\u0161u iedarb\u012bbu, kas \u0101dai nodro\u0161ina sp\u0113c\u012bgu aizsardz\u012bbu pret sauli un bag\u0101t\u012bgu mitrin\u0101\u0161anu.","og_url":"https:\/\/imageskincare.lv\/shop\/saules-aizsardzibas-produkti\/travel-daily-prevention-mitrinoss-saulosanas-aerosols-spf-30\/","og_site_name":"Image Skincare Latvija","article_modified_time":"2026-03-09T15:50:36+00:00","og_image":[{"width":1000,"height":1000,"url":"https:\/\/imageskincare.lv\/wp-content\/uploads\/2025\/05\/DP_protect_refresh_mist_SPF_30.jpg","type":"image\/jpeg"}],"twitter_card":"summary_large_image","schema":{"@context":"https:\/\/schema.org","@graph":[{"@type":"WebPage","@id":"https:\/\/imageskincare.lv\/shop\/saules-aizsardzibas-produkti\/travel-daily-prevention-mitrinoss-saulosanas-aerosols-spf-30\/","url":"https:\/\/imageskincare.lv\/shop\/saules-aizsardzibas-produkti\/travel-daily-prevention-mitrinoss-saulosanas-aerosols-spf-30\/","name":"Travel \u0423\u0432\u043b\u0430\u0436\u043d\u044f\u044e\u0449\u0438\u0439 \u0441\u043e\u043b\u043d\u0446\u0435\u0437\u0430\u0449\u0438\u0442\u043d\u044b\u0439 \u0441\u043f\u0440\u0435\u0439 DAILY PREVENTION \u0441 SPF 30 - Image Skincare Latvija","isPartOf":{"@id":"https:\/\/imageskincare.lv\/ru\/#website"},"primaryImageOfPage":{"@id":"https:\/\/imageskincare.lv\/shop\/saules-aizsardzibas-produkti\/travel-daily-prevention-mitrinoss-saulosanas-aerosols-spf-30\/#primaryimage"},"image":{"@id":"https:\/\/imageskincare.lv\/shop\/saules-aizsardzibas-produkti\/travel-daily-prevention-mitrinoss-saulosanas-aerosols-spf-30\/#primaryimage"},"thumbnailUrl":"https:\/\/imageskincare.lv\/wp-content\/uploads\/2025\/05\/DP_protect_refresh_mist_SPF_30.jpg","datePublished":"2025-05-31T17:37:39+00:00","dateModified":"2026-03-09T15:50:36+00:00","description":"Izsmidzin\u0101ms l\u012bdzeklis ar mitrino\u0161u iedarb\u012bbu, kas \u0101dai nodro\u0161ina sp\u0113c\u012bgu aizsardz\u012bbu pret sauli un bag\u0101t\u012bgu mitrin\u0101\u0161anu.","breadcrumb":{"@id":"https:\/\/imageskincare.lv\/shop\/saules-aizsardzibas-produkti\/travel-daily-prevention-mitrinoss-saulosanas-aerosols-spf-30\/#breadcrumb"},"inLanguage":"ru-RU","potentialAction":[{"@type":"ReadAction","target":["https:\/\/imageskincare.lv\/shop\/saules-aizsardzibas-produkti\/travel-daily-prevention-mitrinoss-saulosanas-aerosols-spf-30\/"]}]},{"@type":"ImageObject","inLanguage":"ru-RU","@id":"https:\/\/imageskincare.lv\/shop\/saules-aizsardzibas-produkti\/travel-daily-prevention-mitrinoss-saulosanas-aerosols-spf-30\/#primaryimage","url":"https:\/\/imageskincare.lv\/wp-content\/uploads\/2025\/05\/DP_protect_refresh_mist_SPF_30.jpg","contentUrl":"https:\/\/imageskincare.lv\/wp-content\/uploads\/2025\/05\/DP_protect_refresh_mist_SPF_30.jpg","width":1000,"height":1000},{"@type":"BreadcrumbList","@id":"https:\/\/imageskincare.lv\/shop\/saules-aizsardzibas-produkti\/travel-daily-prevention-mitrinoss-saulosanas-aerosols-spf-30\/#breadcrumb","itemListElement":[{"@type":"ListItem","position":1,"name":"Home","item":"https:\/\/imageskincare.lv\/"},{"@type":"ListItem","position":2,"name":"\u041c\u0430\u0433\u0430\u0437\u0438\u043d","item":"https:\/\/imageskincare.lv\/ru\/shop\/"},{"@type":"ListItem","position":3,"name":"Travel \u0423\u0432\u043b\u0430\u0436\u043d\u044f\u044e\u0449\u0438\u0439 \u0441\u043e\u043b\u043d\u0446\u0435\u0437\u0430\u0449\u0438\u0442\u043d\u044b\u0439 \u0441\u043f\u0440\u0435\u0439 DAILY PREVENTION \u0441 SPF 30"}]},{"@type":"WebSite","@id":"https:\/\/imageskincare.lv\/ru\/#website","url":"https:\/\/imageskincare.lv\/ru\/","name":"Image Skincare Latvija","description":"Just another WordPress site","publisher":{"@id":"https:\/\/imageskincare.lv\/ru\/#organization"},"potentialAction":[{"@type":"SearchAction","target":{"@type":"EntryPoint","urlTemplate":"https:\/\/imageskincare.lv\/ru\/?s={search_term_string}"},"query-input":{"@type":"PropertyValueSpecification","valueRequired":true,"valueName":"search_term_string"}}],"inLanguage":"ru-RU"},{"@type":"Organization","@id":"https:\/\/imageskincare.lv\/ru\/#organization","name":"Image Skincare Latvija","url":"https:\/\/imageskincare.lv\/ru\/","logo":{"@type":"ImageObject","inLanguage":"ru-RU","@id":"https:\/\/imageskincare.lv\/ru\/#\/schema\/logo\/image\/","url":"https:\/\/imageskincare.lv\/wp-content\/uploads\/2025\/09\/IMAGESkincare_Horizontal_Logo_85black.png","contentUrl":"https:\/\/imageskincare.lv\/wp-content\/uploads\/2025\/09\/IMAGESkincare_Horizontal_Logo_85black.png","width":2980,"height":693,"caption":"Image Skincare Latvija"},"image":{"@id":"https:\/\/imageskincare.lv\/ru\/#\/schema\/logo\/image\/"}}]}},"_links":{"self":[{"href":"https:\/\/imageskincare.lv\/ru\/wp-json\/wp\/v2\/product\/26816","targetHints":{"allow":["GET"]}}],"collection":[{"href":"https:\/\/imageskincare.lv\/ru\/wp-json\/wp\/v2\/product"}],"about":[{"href":"https:\/\/imageskincare.lv\/ru\/wp-json\/wp\/v2\/types\/product"}],"replies":[{"embeddable":true,"href":"https:\/\/imageskincare.lv\/ru\/wp-json\/wp\/v2\/comments?post=26816"}],"version-history":[{"count":2,"href":"https:\/\/imageskincare.lv\/ru\/wp-json\/wp\/v2\/product\/26816\/revisions"}],"predecessor-version":[{"id":27767,"href":"https:\/\/imageskincare.lv\/ru\/wp-json\/wp\/v2\/product\/26816\/revisions\/27767"}],"wp:featuredmedia":[{"embeddable":true,"href":"https:\/\/imageskincare.lv\/ru\/wp-json\/wp\/v2\/media\/26842"}],"wp:attachment":[{"href":"https:\/\/imageskincare.lv\/ru\/wp-json\/wp\/v2\/media?parent=26816"}],"wp:term":[{"taxonomy":"product_brand","embeddable":true,"href":"https:\/\/imageskincare.lv\/ru\/wp-json\/wp\/v2\/product_brand?post=26816"},{"taxonomy":"product_cat","embeddable":true,"href":"https:\/\/imageskincare.lv\/ru\/wp-json\/wp\/v2\/product_cat?post=26816"},{"taxonomy":"product_tag","embeddable":true,"href":"https:\/\/imageskincare.lv\/ru\/wp-json\/wp\/v2\/product_tag?post=26816"}],"curies":[{"name":"wp","href":"https:\/\/api.w.org\/{rel}","templated":true}]}}